{"id":5,"date":"2021-08-24T01:40:59","date_gmt":"2021-08-24T01:40:59","guid":{"rendered":"https:\/\/ainoblocks.io\/de\/?page_id=5"},"modified":"2021-10-27T22:55:57","modified_gmt":"2021-10-27T22:55:57","slug":"home","status":"publish","type":"page","link":"https:\/\/ainoblocks.io\/de\/","title":{"rendered":"Home"},"content":{"rendered":"\n<div class=\"wp-block-group alignfull has-background pt__13 pb__17 is-layout-flow wp-block-group-is-layout-flow\" style=\"background-color:#004d38\">\n<div class=\"wp-block-ainoblocks-grid-container alignwide\"><div class=\"wp-block-ainoblocks-grid-container__inner\">\n<div class=\"wp-block-ainoblocks-grid-item col_start_d__2 col_end_d__12 col_start_t__1 col_end_t__12 col_start_m__1 col_end_m__13 align-self__start justify-self__start no-stacking mt_d__0 mt_m__0 mb_d__0 mb_m__0\">\n<h2 class=\"has-background-primary-color has-text-color has-l-font-size wp-block-heading\">Der einfachste Weg eine Website zu erstellen<\/h2>\n<\/div>\n\n\n\n<div class=\"wp-block-ainoblocks-grid-item col_start_d__2 col_end_d__8 col_start_t__1 col_end_t__9 col_start_m__1 col_end_m__13 align-self__start justify-self__start no-stacking mt_d__0 mb_d__0 mb_t__0 mb_m__6\">\n<p class=\"has-variant-font-secondary-color has-text-color has-l-font-size pt__9\">M\u00f6chtest du sch\u00f6ne Websites erstellen, ohne dabei die Nerven zu verlieren? Aino ist ein wachsendes und modulares Design-System f\u00fcr den WordPress-Block-Editor.<\/p>\n<\/div>\n\n\n\n<div class=\"wp-block-ainoblocks-grid-item col_start_d__2 col_end_d__13 col_start_t__1 col_end_t__13 col_start_m__1 col_end_m__13 align-self__start justify-self__start no-stacking mt_d__0 mb_d__0 mb_m__0 pt__9\">\n<div class=\"wp-block-ainoblocks-multiple-buttons\"><div class=\"wp-block-ainoblocks-multiple-buttons__inner\">\n<div class=\"wp-block-ainoblocks-button hide-for-members is-style-primary has-button-color-secondary-color has-background-primary-background-color has-text-color has-background\" style=\"border-radius:200px\"><a class=\"wp-block-ainoblocks-button__link size__l 200\" href=\"https:\/\/ainoblocks.io\/join\/\" style=\"border-radius:200px\">Jetzt kostenlos starten<\/a><\/div>\n\n\n\n<div class=\"wp-block-ainoblocks-button member-only is-style-primary has-button-color-secondary-color has-background-primary-background-color has-text-color has-background\" style=\"border-radius:200px\"><a class=\"wp-block-ainoblocks-button__link size__l 200\" href=\"https:\/\/ainoblocks.io\/download\/\" style=\"border-radius:200px\">Herunterladen<\/a><\/div>\n<\/div><\/div>\n<\/div>\n<\/div><\/div>\n<\/div>\n\n\n\n<div class=\"wp-block-group alignfull has-background-primary-background-color has-background pt__15 pb__17 is-layout-flow wp-block-group-is-layout-flow\">\n<div class=\"wp-block-ainoblocks-grid-container alignwide\"><div class=\"wp-block-ainoblocks-grid-container__inner\">\n<div class=\"wp-block-ainoblocks-grid-item col_start_d__3 col_end_d__11 col_start_t__3 col_end_t__11 col_start_m__1 col_end_m__13 align-self__start justify-self__start no-stacking\">\n<p class=\"has-text-align-center has-font-secondary-color has-text-color has-xxxxl-font-size\">Angefangen bei einem Block, \u00fcber Patterns, zu Seitenvorlagen und vorgefertigten Designs, Aino bietet alles unter einer Haube.<\/p>\n<\/div>\n<\/div><\/div>\n<\/div>\n\n\n\n<div class=\"wp-block-group alignfull has-background-primary-background-color has-background pb__17 is-layout-flow wp-block-group-is-layout-flow\">\n<div class=\"wp-block-ainoblocks-grid-container alignwide\"><div class=\"wp-block-ainoblocks-grid-container__inner\">\n<div class=\"wp-block-ainoblocks-grid-item col_start_d__2 col_end_d__6 col_start_t__2 col_end_t__7 col_start_m__1 col_end_m__13 align-self__center justify-self__start no-stacking mt_d__0 mt_m__0 mb_d__0 mb_m__0\">\n<p class=\"has-font-secondary-color has-text-color has-m-font-size pb__4\">Block Kollektion<\/p>\n\n\n\n<h2 class=\"has-font-primary-color has-text-color has-m-font-size wp-block-heading\">Liebe zum Detail<\/h2>\n\n\n\n<p class=\"has-font-secondary-color has-text-color has-s-font-size pt__11\">Blocks sind die kleinsten Teile von WordPress und dem Full Site Editing. Da wir einem kreativen Hintergrund haben, war es uns wichtig, dass unsere Blocks ein hohes Ma\u00df an Anpassbarkeit und Liebe zum Detail bieten.<\/p>\n\n\n\n<div class=\"wp-block-ainoblocks-multiple-buttons pt__9\"><div class=\"wp-block-ainoblocks-multiple-buttons__inner\">\n<div class=\"wp-block-ainoblocks-button has-ffffff-color has-button-color-secondary-background-color has-text-color has-background\" style=\"border-radius:200px\"><a class=\"wp-block-ainoblocks-button__link size__m 200\" href=\"https:\/\/ainoblocks.io\/de\/bloecke\/\" style=\"border-radius:200px\">Blocks entdecken<\/a><\/div>\n<\/div><\/div>\n<\/div>\n\n\n\n<div class=\"wp-block-ainoblocks-grid-item col_start_d__7 col_end_d__13 col_start_t__7 col_end_t__13 col_start_m__1 col_end_m__13 align-self__center justify-self__start no-stacking mt_d__0 mt_t__0 mt_m__10 mb_d__0 mb_m__0\">\n<figure class=\"wp-block-image size-full\"><img decoding=\"async\" src=\"https:\/\/ainoblocks.io\/wp-content\/uploads\/2021\/09\/wordpress-blocks-aino.png\" alt=\"Building Blocks for the WordPress Editor\" class=\"wp-image-2520\" \/><\/figure>\n<\/div>\n\n\n\n<div class=\"wp-block-ainoblocks-grid-item col_start_d__2 col_end_d__12 col_start_t__1 col_end_t__13 col_start_m__1 col_end_m__13 align-self__start justify-self__start no-stacking mt_d__0 mb_d__0 mb_m__0\"><\/div>\n<\/div><\/div>\n<\/div>\n\n\n\n<div class=\"wp-block-group alignfull has-background-primary-background-color has-background pb__17 is-layout-flow wp-block-group-is-layout-flow\">\n<div class=\"wp-block-ainoblocks-grid-container alignwide\"><div class=\"wp-block-ainoblocks-grid-container__inner\">\n<div class=\"wp-block-ainoblocks-grid-item col_start_d__8 col_end_d__12 col_start_t__8 col_end_t__13 col_start_m__1 col_end_m__13 align-self__center justify-self__start no-stacking mt_d__0 mt_m__0 mb_d__0 mb_m__0\">\n<p class=\"has-font-secondary-color has-text-color has-m-font-size pb__4\">Pattern Bibliothek<\/p>\n\n\n\n<h2 class=\"has-font-primary-color has-text-color has-m-font-size wp-block-heading\">Gestalten mit Patterns<\/h2>\n\n\n\n<p class=\"has-font-secondary-color has-text-color has-s-font-size pt__11\">Gestalte deine Website mit Block Patterns aus der wachsenden Pattern Bibliothek von Aino. Du kannst die Designmodule per Drag&#8217;n&#8217;Drop und mit nur einem Klick in den WordPress-Editor ziehen. Jetzt musst du nur noch deine Inhalte einf\u00fcgen. Es ist so einfach wie das Zusammenbauen von Lego und macht genau so viel Spa\u00df.<\/p>\n\n\n\n<div class=\"wp-block-ainoblocks-multiple-buttons pt__9\"><div class=\"wp-block-ainoblocks-multiple-buttons__inner\">\n<div class=\"wp-block-ainoblocks-button has-ffffff-color has-button-color-secondary-background-color has-text-color has-background\" style=\"border-radius:200px\"><a class=\"wp-block-ainoblocks-button__link size__m 200\" href=\"https:\/\/ainoblocks.io\/patterns\/\" style=\"border-radius:200px\">Patterns ansehen<\/a><\/div>\n<\/div><\/div>\n<\/div>\n\n\n\n<div class=\"wp-block-ainoblocks-grid-item col_start_d__1 col_end_d__7 col_start_t__1 col_end_t__7 col_start_m__1 col_end_m__13 align-self__center justify-self__start no-stacking mt_d__0 mt_t__0 mt_m__10 mb_d__0 mb_m__0\">\n<figure class=\"wp-block-image size-full\"><img decoding=\"async\" src=\"https:\/\/ainoblocks.io\/wp-content\/uploads\/2021\/09\/wordpress-block-patterns-aino-theme.png\" alt=\"WordPress Block Patterns Collection Aino Theme\" class=\"wp-image-2564\" \/><\/figure>\n<\/div>\n\n\n\n<div class=\"wp-block-ainoblocks-grid-item col_start_d__2 col_end_d__12 col_start_t__1 col_end_t__13 col_start_m__1 col_end_m__13 align-self__start justify-self__start no-stacking mt_d__0 mb_d__0 mb_m__0\"><\/div>\n<\/div><\/div>\n<\/div>\n\n\n\n<div class=\"wp-block-group alignfull pt__15 has-background pb__17 is-layout-flow wp-block-group-is-layout-flow\" style=\"background-color:#21004d\">\n<div class=\"wp-block-ainoblocks-grid-container alignwide\"><div class=\"wp-block-ainoblocks-grid-container__inner\">\n<div class=\"wp-block-ainoblocks-grid-item col_start_d__2 col_end_d__7 col_start_t__1 col_end_t__6 col_start_m__1 col_end_m__13 align-self__start justify-self__start no-stacking mt_d__0 mt_m__0 mb_d__0 mb_m__9\">\n<h2 class=\"has-background-primary-color has-text-color has-m-font-size wp-block-heading\">Gestalte  deinen Onlineshop<\/h2>\n\n\n\n<p class=\"has-variant-font-secondary-color has-text-color has-s-font-size pt__7\">mit Aino und WooCommerce<\/p>\n<\/div>\n\n\n\n<div class=\"wp-block-ainoblocks-grid-item col_start_d__8 col_end_d__12 col_start_t__7 col_end_t__13 col_start_m__1 col_end_m__13 align-self__start justify-self__start no-stacking mt_d__0 mb_d__0 mb_m__0\">\n<h3 class=\"has-background-primary-color has-text-color has-xxs-font-size pb__4 wp-block-heading\">Verkaufe mit WooCommerce<\/h3>\n\n\n\n<p class=\"has-variant-font-secondary-color has-text-color has-s-font-size pb__11\">Das Aino-Theme wird mit voller Unterst\u00fctzung f\u00fcr WooCommerce geliefert, dem gr\u00f6\u00dften und beliebtesten kostenlosen E-Commerce-Plugin f\u00fcr WordPress.<\/p>\n\n\n\n<h3 class=\"has-background-primary-color has-text-color has-xxs-font-size pb__4 wp-block-heading\">WooCommerce Blocks bereit<\/h3>\n\n\n\n<p class=\"has-variant-font-secondary-color has-text-color has-s-font-size\">Um die neuesten WooCommerce Block Vorz\u00fcge zu Aino zu bringen, haben wir Aino mit der Unterst\u00fctzung f\u00fcr das WooCommerce Blocks Plugin gebaut.\u00a0<\/p>\n<\/div>\n\n\n\n<div class=\"wp-block-ainoblocks-grid-item col_start_d__2 col_end_d__12 col_start_t__1 col_end_t__13 col_start_m__1 col_end_m__13 align-self__start justify-self__start no-stacking mt_d__0 mb_d__0 mb_m__0\">\n<figure class=\"wp-block-image size-full br-all__xs pt__15\"><img decoding=\"async\" src=\"https:\/\/ainoblocks.io\/wp-content\/uploads\/2021\/08\/WooComemerce-Introduction-1.png\" alt=\"Aino Theme WooCommerce Support\" class=\"wp-image-1808\" \/><\/figure>\n<\/div>\n<\/div><\/div>\n<\/div>\n\n\n\n<div class=\"wp-block-group alignfull pt__15 pb__14 is-layout-flow wp-block-group-is-layout-flow\">\n<div class=\"wp-block-ainoblocks-grid-container alignwide\"><div class=\"wp-block-ainoblocks-grid-container__inner\">\n<div class=\"wp-block-ainoblocks-grid-item col_start_d__1 col_end_d__13 col_start_t__1 col_end_t__13 col_start_m__1 col_end_m__13 align-self__start justify-self__start no-stacking mb_m__0\">\n<h2 class=\"has-font-primary-color has-text-color has-xxs-font-size pb__13 wp-block-heading\">Aus unserem Blog<\/h2>\n<\/div>\n<\/div><\/div>\n\n\n\n<div class=\"wp-block-group is-layout-flow wp-block-group-is-layout-flow\">\n<div class=\"wp-block-query alignwide is-layout-flow wp-block-query-is-layout-flow\"><ul class=\"is-flex-container columns-3 wp-block-post-template is-layout-flow wp-block-post-template-is-layout-flow\"><li class=\"wp-block-post post-144 post type-post status-publish format-standard has-post-thumbnail hentry category-patterns category-wordpress\">\n<figure class=\"br-all__xs wp-block-post-featured-image\"><a href=\"https:\/\/ainoblocks.io\/de\/so-funktionieren-wordpress-block-patterns\/\" target=\"_self\"  ><img loading=\"lazy\" decoding=\"async\" width=\"1500\" height=\"844\" src=\"https:\/\/ainoblocks.io\/de\/wp-content\/uploads\/sites\/4\/2021\/10\/mit-wordpress-block-patterns-arbeiten-1500x844.png\" class=\"attachment-post-thumbnail size-post-thumbnail wp-post-image\" alt=\"So funktionieren WordPress Block Patterns\" style=\"object-fit:cover;\" srcset=\"https:\/\/ainoblocks.io\/de\/wp-content\/uploads\/sites\/4\/2021\/10\/mit-wordpress-block-patterns-arbeiten-1500x844.png 1500w, https:\/\/ainoblocks.io\/de\/wp-content\/uploads\/sites\/4\/2021\/10\/mit-wordpress-block-patterns-arbeiten-300x169.png 300w, https:\/\/ainoblocks.io\/de\/wp-content\/uploads\/sites\/4\/2021\/10\/mit-wordpress-block-patterns-arbeiten-1024x576.png 1024w, https:\/\/ainoblocks.io\/de\/wp-content\/uploads\/sites\/4\/2021\/10\/mit-wordpress-block-patterns-arbeiten-768x432.png 768w, https:\/\/ainoblocks.io\/de\/wp-content\/uploads\/sites\/4\/2021\/10\/mit-wordpress-block-patterns-arbeiten-1536x864.png 1536w, https:\/\/ainoblocks.io\/de\/wp-content\/uploads\/sites\/4\/2021\/10\/mit-wordpress-block-patterns-arbeiten-2048x1152.png 2048w, https:\/\/ainoblocks.io\/de\/wp-content\/uploads\/sites\/4\/2021\/10\/mit-wordpress-block-patterns-arbeiten-1440x810.png 1440w, https:\/\/ainoblocks.io\/de\/wp-content\/uploads\/sites\/4\/2021\/10\/mit-wordpress-block-patterns-arbeiten-1200x675.png 1200w\" sizes=\"(max-width: 1500px) 100vw, 1500px\" \/><\/a><\/figure>\n\n<h2 class=\"wp-block-post-title\"><a href=\"https:\/\/ainoblocks.io\/de\/so-funktionieren-wordpress-block-patterns\/\" target=\"_self\" >So funktionieren WordPress Block Patterns<\/a><\/h2>\n\n<div class=\"wp-block-post-excerpt has-xs-font-size\"><p class=\"wp-block-post-excerpt__excerpt\">Patterns sind eine der coolsten Funktionen, mit denen wir jetzt im WordPress-Block-Editor arbeiten k\u00f6nnen. Sie sind ein modulares System von Layout-Bausteinen, die WordPress-Benutzern die M\u00f6glichkeit geben, mit absoluter Leichtigkeit benutzerdefinierte Seiten- oder Beitragslayouts zu erstellen. Was sind Patterns Patterns sind kleine vorgefertigte Layout-Bereiche, die von einem Theme oder Block-Plugin bereitgestellt werden k\u00f6nnen. Du kannst gern&hellip; <\/p><\/div>\n\n<div style=\"line-height:1.2\" class=\"taxonomy-category wp-block-post-terms has-xs-font-size\"><a href=\"https:\/\/ainoblocks.io\/de\/category\/patterns\/\" rel=\"tag\">Patterns<\/a><span class=\"wp-block-post-terms__separator\">, <\/span><a href=\"https:\/\/ainoblocks.io\/de\/category\/wordpress\/\" rel=\"tag\">WordPress<\/a><\/div>\n<\/li><li class=\"wp-block-post post-23 post type-post status-publish format-standard has-post-thumbnail hentry category-full-site-editing category-wordpress tag-block-theme tag-footer tag-site-editor tag-tutorial\">\n<figure class=\"br-all__xs wp-block-post-featured-image\"><a href=\"https:\/\/ainoblocks.io\/de\/den-footer-in-full-site-editing-block-themes-anpassen\/\" target=\"_self\"  ><img loading=\"lazy\" decoding=\"async\" width=\"1500\" height=\"844\" src=\"https:\/\/ainoblocks.io\/de\/wp-content\/uploads\/sites\/4\/2021\/09\/customize-footer-fse-block-theme-1500x844.png\" class=\"attachment-post-thumbnail size-post-thumbnail wp-post-image\" alt=\"Den Footer in Full Site Editing Block-Themes anpassen\" style=\"object-fit:cover;\" srcset=\"https:\/\/ainoblocks.io\/de\/wp-content\/uploads\/sites\/4\/2021\/09\/customize-footer-fse-block-theme-1500x844.png 1500w, https:\/\/ainoblocks.io\/de\/wp-content\/uploads\/sites\/4\/2021\/09\/customize-footer-fse-block-theme-300x169.png 300w, https:\/\/ainoblocks.io\/de\/wp-content\/uploads\/sites\/4\/2021\/09\/customize-footer-fse-block-theme-1024x576.png 1024w, https:\/\/ainoblocks.io\/de\/wp-content\/uploads\/sites\/4\/2021\/09\/customize-footer-fse-block-theme-768x432.png 768w, https:\/\/ainoblocks.io\/de\/wp-content\/uploads\/sites\/4\/2021\/09\/customize-footer-fse-block-theme-1536x864.png 1536w, https:\/\/ainoblocks.io\/de\/wp-content\/uploads\/sites\/4\/2021\/09\/customize-footer-fse-block-theme-2048x1152.png 2048w, https:\/\/ainoblocks.io\/de\/wp-content\/uploads\/sites\/4\/2021\/09\/customize-footer-fse-block-theme-1440x810.png 1440w, https:\/\/ainoblocks.io\/de\/wp-content\/uploads\/sites\/4\/2021\/09\/customize-footer-fse-block-theme-1200x675.png 1200w\" sizes=\"(max-width: 1500px) 100vw, 1500px\" \/><\/a><\/figure>\n\n<h2 class=\"wp-block-post-title\"><a href=\"https:\/\/ainoblocks.io\/de\/den-footer-in-full-site-editing-block-themes-anpassen\/\" target=\"_self\" >Den Footer in Full Site Editing Block-Themes anpassen<\/a><\/h2>\n\n<div class=\"wp-block-post-excerpt has-xs-font-size\"><p class=\"wp-block-post-excerpt__excerpt\">Ziel der neuen Full Site Editing Block-Themes ist es, alle Anpassungen im Editor vornehmen zu k\u00f6nnen. Bisher haben wir einen WordPress-Footer \u00fcber Footer-Widgetbereiche und Anpassungsoptionen im Customizer angepasst. In Block-Themes haben wir Footer-Vorlagen, die mit Bl\u00f6cken gebaut sind. In einem Block-Theme kann der Themeautor mehrere Footer-Vorlagen gestalten und zur Verf\u00fcgung stellen. Themenutzer k\u00f6nnen dann einen&hellip; <\/p><\/div>\n\n<div style=\"line-height:1.2\" class=\"taxonomy-category wp-block-post-terms has-xs-font-size\"><a href=\"https:\/\/ainoblocks.io\/de\/category\/full-site-editing\/\" rel=\"tag\">Full Site Editing<\/a><span class=\"wp-block-post-terms__separator\">, <\/span><a href=\"https:\/\/ainoblocks.io\/de\/category\/wordpress\/\" rel=\"tag\">WordPress<\/a><\/div>\n<\/li><\/ul><\/div>\n<\/div>\n<\/div>\n","protected":false},"excerpt":{"rendered":"","protected":false},"author":1,"featured_media":19,"parent":0,"menu_order":100,"comment_status":"closed","ping_status":"closed","template":"custom_slug_6157a2a0c6726","meta":{"footnotes":""},"_links":{"self":[{"href":"https:\/\/ainoblocks.io\/de\/wp-json\/wp\/v2\/pages\/5"}],"collection":[{"href":"https:\/\/ainoblocks.io\/de\/wp-json\/wp\/v2\/pages"}],"about":[{"href":"https:\/\/ainoblocks.io\/de\/wp-json\/wp\/v2\/types\/page"}],"author":[{"embeddable":true,"href":"https:\/\/ainoblocks.io\/de\/wp-json\/wp\/v2\/users\/1"}],"replies":[{"embeddable":true,"href":"https:\/\/ainoblocks.io\/de\/wp-json\/wp\/v2\/comments?post=5"}],"version-history":[{"count":21,"href":"https:\/\/ainoblocks.io\/de\/wp-json\/wp\/v2\/pages\/5\/revisions"}],"predecessor-version":[{"id":190,"href":"https:\/\/ainoblocks.io\/de\/wp-json\/wp\/v2\/pages\/5\/revisions\/190"}],"wp:featuredmedia":[{"embeddable":true,"href":"https:\/\/ainoblocks.io\/de\/wp-json\/wp\/v2\/media\/19"}],"wp:attachment":[{"href":"https:\/\/ainoblocks.io\/de\/wp-json\/wp\/v2\/media?parent=5"}],"curies":[{"name":"wp","href":"https:\/\/api.w.org\/{rel}","templated":true}]}}